{"id":1299,"date":"2017-02-21T21:50:03","date_gmt":"2017-02-22T02:50:03","guid":{"rendered":"http:\/\/www.catvet.ca\/fr\/?page_id=1299"},"modified":"2021-01-15T19:16:02","modified_gmt":"2021-01-16T00:16:02","slug":"prevenir-les-problemes-de-boites-de-litiere","status":"publish","type":"page","link":"http:\/\/www.catvet.ca\/fr\/la-nutrition-comportement\/prevenir-les-problemes-de-boites-de-litiere\/","title":{"rendered":"Pr\u00e9venir les probl\u00e8mes de liti\u00e8re"},"content":{"rendered":"<p style=\"padding-left: 30px; text-align: justify;\"><strong>Qu&#8217;est ce qui cause qu&#8217;un chat aime ou non sa boite \u00e0 liti\u00e8re<\/strong> Les chats ont un besoin inn\u00e9 de se gratter et de renifler lorsqu&#8217;ils urinent et d\u00e9f\u00e8quent. [1] Cela signifie que la sensation et les odeurs associ\u00e9es \u00e0 la liti\u00e8re, \u00e0 la bo\u00eete et \u00e0 l&#8217;environnement environnant d\u00e9terminent la \u00absympathie\u00bb de la bo\u00eete \u00e0 liti\u00e8re au chat. Certains chats apprennent \u00e0 se retourner dans leurs bo\u00eetes en creusant et en reniflant la liti\u00e8re. Certains chats sont tr\u00e8s discrets dans leur hygi\u00e8ne de toilette et d&#8217;autres accordent peu d&#8217;importance s&#8217;ils ont un public. Lorsque les chats urinent et font d\u00e9f\u00e8quent dehors, ils d\u00e9cident o\u00f9 ils veulent aller. Cependant, une fois que nous avons d\u00e9plac\u00e9 le chat \u00e0 l&#8217;int\u00e9rieur, le chat doit compter sur nous pour choisir la bonne bo\u00eete, le type de liti\u00e8re, les produits de nettoyage et l&#8217;emplacement. Malheureusement, de nombreuses liti\u00e8res commerciales sont produites pour satisfaire le besoin du propri\u00e9taire et non celui du chat, ce qui peut conduire votre chat \u00e0 ne pas utiliser la bo\u00eete.<\/p>\n<div class=\"row\">\n<div class=\"col-md-6 columns-shortcode\">\n<h3><i class=\"fa fa-paw \" ><\/i>C&#8217;EST TOUT DANS LES PATTES!<\/h3>\n<p style=\"padding-left: 30px; text-align: justify;\">Les chatons apprennent les pr\u00e9f\u00e9rences de texture de la liti\u00e8re de leur m\u00e8re. Cela signifie qu&#8217;ils aiment mieux la sensation de certaines liti\u00e8res que d&#8217;autres. Les substrats de liti\u00e8re sont disponibles dans toutes sortes de textures. Certaines liti\u00e8res s&#8217;agglom\u00e8rent (collent ensemble lorsqu&#8217;elles sont mouill\u00e9es) et d&#8217;autres ne s&#8217;agglom\u00e8rent pas. Certains substrats sont en papier, d&#8217;autres \u00e0 partir de copeaux de bois. Il y a m\u00eame des liti\u00e8res faites de cristaux, ce qui, pour moi, aurait l&#8217;air de marcher sur des roches pour aller aux toilettes.<br \/>\nObservez le comportement de votre chat dans la bo\u00eete: est-ce qu&#8217;il fait un gros d\u00e9g\u00e2t avec la liti\u00e8re partout? Si oui, vous \u00eates sur la bonne voie:<br \/>\n<strong>creuser vigoureusement la liti\u00e8re signifie que votre chat aime la sensation ou la texture de la liti\u00e8re.<\/strong> Si votre chat s&#8217;accroche au c\u00f4t\u00e9 de la bo\u00eete et ne raye pas du tout la surface ou ne fait que des mouvements de patte provisoires, vous devez essayer une liti\u00e8re \u00e0 sensation totalement diff\u00e9rente. De plus, si le chat secoue beaucoup ses pattes apr\u00e8s \u00eatre sorti de la bo\u00eete, cela peut signifier que le chat d\u00e9teste la sensation de la liti\u00e8re.<\/p>\n<h3><i class=\"fa fa-paw \" ><\/i>C&#8217;EST QUOI CETTE ODEUR?<\/h3>\n<p style=\"padding-left: 30px; text-align: justify;\">\u00a0Les liti\u00e8res commerciales visent \u00e0 \u00e9liminer les odeurs en ajoutant beaucoup de produits chimiques pour absorber l&#8217;odeur. Id\u00e9al pour les humains, mauvais pour les chats. Prenons le bicarbonate de soude: vous aimeriez la sensation du bicarbonate de soude entre vos orteils? Eh bien, votre chat non plus. Un autre additif courant est la chlorophylle: environ cinquante pour cent des chats n&#8217;aiment pas l&#8217;odeur de la chlorophylle, pourtant tant de liti\u00e8res en contiennent pour masquer les odeurs. <strong>Nous recommandons g\u00e9n\u00e9ralement une liti\u00e8re non parfum\u00e9e.<\/strong> Ce qui sent bon pour un humain souvent ne sent pas bon pour un chat. Les chats ont en outre des pouvoirs odorants bien plus d\u00e9velopp\u00e9s que nous les humains. Les boites \u00e0 liti\u00e8re couvertes retiennent \u00e9galement les odeurs \u00e0 l&#8217;int\u00e9rieur et peuvent rapidement devenir d\u00e9sagr\u00e9ables pour votre chat.<br \/>\nAlors, comment emp\u00eachez-vous votre maison de sentir comme une chatterie? Gardez la boite propre. Cela signifie non seulement ramasser, mais aussi vider toute la liti\u00e8re, la nettoyer avec un savon \u00e0 vaisselle \u00e0 odeur douce et bien la rincer. \u00c9vitez l&#8217;eau de javel, c&#8217;est trop difficile \u00e0 rincer l&#8217;odeur. De plus, quel \u00e2ge a votre liti\u00e8re? Le plastique commence \u00e0 se d\u00e9composer avec le temps et peut d\u00e9gager une odeur d\u00e9sagr\u00e9able pour les chats.<strong>Changez la boite elle-m\u00eame \u00e0 chaque ann\u00e9e.<\/strong>De plus, si votre chat a d\u00e9j\u00e0 choisi un endroit qu&#8217;il aime mieux que sa liti\u00e8re, il est extr\u00eamement important de bien nettoyer cet endroit avec un produit sp\u00e9cialement con\u00e7u pour \u00e9liminer les odeurs d&#8217;urine de chat! Sinon, m\u00eame s&#8217;il peut sentir propre pour vous, votre chat peut toujours identifier cet endroit comme une zone de liti\u00e8re. Vous pouvez acheter ces produits chez nous ainsi que dans des animaleries bien approvisionn\u00e9s.<\/p>\n<h3><i class=\"fa fa-paw \" ><\/i>\u201cRIEN M&#8217;A AID\u00c9!\u201d<\/h3>\n<p style=\"padding-left: 30px;\">Si vous constatez que, malgr\u00e9 toutes ces directives, votre chat pr\u00e9sente toujours des habitudes ind\u00e9sirables dans la liti\u00e8re, il peut y avoir un probl\u00e8me m\u00e9dical ou comportemental sous-jacent. L&#8217;infection et la maladie peuvent amener les chats \u00e0 associer la liti\u00e8re \u00e0 la douleur et ils peuvent \u00e9viter de l&#8217;utiliser. De plus, des changements d&#8217;habitudes tels que des mictions beaucoup plus fr\u00e9quentes en plus petites quantit\u00e9s ou des miaulements lors de l&#8217;utilisation de la liti\u00e8re peuvent \u00e9galemeIl vaut toujours mieux pr\u00e9venir que gu\u00e9rir, et si vous n&#8217;\u00eates pas s\u00fbr, vous pouvez toujours <a href=\"http:\/\/www.catvet.ca\/contact-us\/\">nous donner un appel<\/a> et nous vous aiderons \u00e0 d\u00e9cider si une visite \u00e0 la clinique est justifi\u00e9e!<\/p>\n<h3><i class=\"fa fa-paw \" ><\/i>LA TAILLE EST IMPORTANTE!<\/h3>\n<p style=\"padding-left: 30px; text-align: justify;\"><strong> Grand chat, petite boite, grand probl\u00e8me.<\/strong> Regardons cela d&#8217;un point de vue f\u00e9lin &#8211; Maine coon, minuscule bac \u00e0 liti\u00e8re, grand espace ouvert recouvert d&#8217;un divan &#8230; o\u00f9 vais-je uriner? Nous recommandons une grande boite en plastique \u00e0 parois basses d&#8217;environ 2 pieds sur deux pieds. Beaucoup d&#8217;espace pour tourner, gratter, renifler, tourner, gratter, renifler sans se cogner contre les c\u00f4t\u00e9s. Les bacs \u00e0 liti\u00e8re couverts posent \u00e9galement un probl\u00e8me si le chat ne peut pas se retourner \u00e0 l&#8217;int\u00e9rieur.<\/p>\n<p>&nbsp;<\/p>\n[1] Spooner, Sherlyn K. Master\u2019s thesis. L\u2019Universite de Montreal, F.M.V.: Determination of the normal ethogram of feline micturition. 1991<\/p>\n<\/div>\n<div class=\"col-md-6 columns-shortcode\">\n<div id=\"attachment_1343\" style=\"width: 610px\" class=\"wp-caption aligncenter\"><img aria-describedby=\"caption-attachment-1343\" src=\"http:\/\/www.catvet.ca\/wp-content\/uploads\/2017\/02\/black-cat-stock-1024x684.jpg\" alt=\"litter box problems\" width=\"600\" \/><p id=\"caption-attachment-1343\" class=\"wp-caption-text\">Probl\u00e8mes avec la boite \u00e0 liti\u00e8re? Votre chat en est aussi m\u00e9content que vous!<\/p><\/div>\n<p style=\"padding-left: 30px; text-align: justify;\">\n<h3><i class=\"fa fa-paw \" ><\/i>L&#8217;EMPLACEMENT DE LA BOITE \u00c0 LITI\u00c8RE<\/h3>\n<p style=\"padding-left: 30px; text-align: justify;\">\u00a0L&#8217;emplacement id\u00e9al pour la boite \u00e0 liti\u00e8re d&#8217;un chat est un endroit priv\u00e9, facile d&#8217;acc\u00e8s et sans machines bruyantes comme les fours, les s\u00e9cheuses situ\u00e9es \u00e0 proximit\u00e9,etc. Si votre chat est plus \u00e2g\u00e9 ou arthritique, assurez-vous de placer la boite \u00e0 un endroit o\u00f9 il n&#8217;a pas de difficult\u00e9 \u00e0 se rendre, par exemple en haut d&#8217;un escalier. La surface sur laquelle vous placez la bo\u00eete est \u00e9galement tr\u00e8s importante! Disons que vous le mettez sur un tapis. Un jour, la patte du chat atteint le c\u00f4t\u00e9 et commence \u00e0 gratter le tapis sous la bo\u00eete. Ce chat peut d\u00e9velopper une nouvelle pr\u00e9f\u00e9rence de substrat, le tapis.<strong> Dans plusieurs foyers pour chats, il est tr\u00e8s important que les boites \u00e0 liti\u00e8re soient situ\u00e9es dans une zone facilement accessible.<\/strong> Cela aidera \u00e0 emp\u00eacher un chat de dominer le chemin des boites, bloquant ainsi les autres chats et les for\u00e7ant \u00e0 uriner ailleurs.<\/p>\n<h3><i class=\"fa fa-paw \" ><\/i>COMBIEN DE CHATS, COMBIEN DE BOITES \u00c0 LITI\u00c8RE?<\/h3>\n<p style=\"padding-left: 30px;\"><strong>En Principe, une boite \u00e0 liti\u00e8re par chat plus une d&#8217;extra.<\/strong> Les chats sont tr\u00e8s sensibles aux odeurs des autres chats qui peuvent \u00eatre assez concentr\u00e9es dans l&#8217;urine. Il n&#8217;y a aucun moyen pour nous, les humains, de d\u00e9tecter ces odeurs, donc en ayant plusieurs bo\u00eetes de pr\u00e9f\u00e9rence \u00e0 plus d&#8217;un endroit, nous pouvons \u00e9viter que les chats urinent en dehors de leurs boites. M\u00eame si nous faisons de notre mieux pour le nettoyer tous les jours, une seule bo\u00eete pour plus d&#8217;un chat peut devenir assez rapidement offensante pour leur d\u00e9licate sensibilit\u00e9!<\/p>\n<div id=\"attachment_1341\" style=\"width: 610px\" class=\"wp-caption aligncenter\"><img aria-describedby=\"caption-attachment-1341\" src=\"http:\/\/www.catvet.ca\/wp-content\/uploads\/2017\/02\/pexels-photo-96938-1024x630.jpeg\" alt=\"avoiding litter box\" width=\"600\" \/><p id=\"caption-attachment-1341\" class=\"wp-caption-text\">\u00c9viter la boite \u00e0 liti\u00e8re peut \u00eatre une indication d&#8217;une condition m\u00e9dicale.<\/p><\/div>\n<\/div>\n<\/div>\n","protected":false},"excerpt":{"rendered":"<p>Qu&#8217;est ce qui cause qu&#8217;un chat aime ou non sa boite \u00e0 liti\u00e8re Les chats ont un besoin inn\u00e9 de se gratter et de renifler lorsqu&#8217;ils urinent et d\u00e9f\u00e8quent. [1] Cela signifie que la sensation et les odeurs associ\u00e9es \u00e0 la liti\u00e8re, \u00e0 la bo\u00eete et \u00e0 l&#8217;environnement environnant d\u00e9terminent la \u00absympathie\u00bb de la bo\u00eete [&hellip;]<\/p>\n","protected":false},"author":1,"featured_media":0,"parent":1067,"menu_order":0,"comment_status":"closed","ping_status":"closed","template":"","meta":[],"_links":{"self":[{"href":"http:\/\/www.catvet.ca\/fr\/wp-json\/wp\/v2\/pages\/1299"}],"collection":[{"href":"http:\/\/www.catvet.ca\/fr\/wp-json\/wp\/v2\/pages"}],"about":[{"href":"http:\/\/www.catvet.ca\/fr\/wp-json\/wp\/v2\/types\/page"}],"author":[{"embeddable":true,"href":"http:\/\/www.catvet.ca\/fr\/wp-json\/wp\/v2\/users\/1"}],"replies":[{"embeddable":true,"href":"http:\/\/www.catvet.ca\/fr\/wp-json\/wp\/v2\/comments?post=1299"}],"version-history":[{"count":12,"href":"http:\/\/www.catvet.ca\/fr\/wp-json\/wp\/v2\/pages\/1299\/revisions"}],"predecessor-version":[{"id":2010,"href":"http:\/\/www.catvet.ca\/fr\/wp-json\/wp\/v2\/pages\/1299\/revisions\/2010"}],"up":[{"embeddable":true,"href":"http:\/\/www.catvet.ca\/fr\/wp-json\/wp\/v2\/pages\/1067"}],"wp:attachment":[{"href":"http:\/\/www.catvet.ca\/fr\/wp-json\/wp\/v2\/media?parent=1299"}],"curies":[{"name":"wp","href":"https:\/\/api.w.org\/{rel}","templated":true}]}}